{"id":52,"date":"2026-01-02T16:28:36","date_gmt":"2026-01-02T16:28:36","guid":{"rendered":"https:\/\/examop.fr\/?page_id=52"},"modified":"2026-01-03T16:53:52","modified_gmt":"2026-01-03T16:53:52","slug":"nos-missions","status":"publish","type":"page","link":"https:\/\/examop.fr\/?page_id=52","title":{"rendered":"Nos Missions"},"content":{"rendered":"\n<figure class=\"wp-block-image\"><img loading=\"lazy\" decoding=\"async\" width=\"2560\" height=\"1920\" src=\"https:\/\/examop.fr\/wp-content\/uploads\/2026\/01\/20240910_161616-scaled.jpg\" alt=\"\" class=\"wp-image-132\" srcset=\"https:\/\/examop.fr\/wp-content\/uploads\/2026\/01\/20240910_161616-scaled.jpg 2560w, https:\/\/examop.fr\/wp-content\/uploads\/2026\/01\/20240910_161616-300x225.jpg 300w, https:\/\/examop.fr\/wp-content\/uploads\/2026\/01\/20240910_161616-1024x768.jpg 1024w, https:\/\/examop.fr\/wp-content\/uploads\/2026\/01\/20240910_161616-768x576.jpg 768w, https:\/\/examop.fr\/wp-content\/uploads\/2026\/01\/20240910_161616-1536x1152.jpg 1536w, https:\/\/examop.fr\/wp-content\/uploads\/2026\/01\/20240910_161616-2048x1536.jpg 2048w\" sizes=\"auto, (max-width: 706px) 89vw, (max-width: 767px) 82vw, 740px\" \/><\/figure>\n\n\n\n<div class=\"wp-block-group is-nowrap is-layout-flex wp-container-core-group-is-layout-ad2f72ca wp-block-group-is-layout-flex\">\n<h2 class=\"wp-block-heading\"><strong>Ma\u00eetrise d\u2019\u0152uvre d\u2019Ex\u00e9cution (<a href=\"https:\/\/examop.fr\/?page_id=36\" data-type=\"page\" data-id=\"36\"><mark style=\"background-color:rgba(0, 0, 0, 0)\" class=\"has-inline-color has-luminous-vivid-orange-color\">MOEX<\/mark><\/a>) : Garantir la r\u00e9ussite de vos projets<\/strong><\/h2>\n<\/div>\n\n\n\n<p><\/p>\n\n\n\n<div class=\"wp-block-group is-nowrap is-layout-flex wp-container-core-group-is-layout-ad2f72ca wp-block-group-is-layout-flex\">\n<h2 class=\"wp-block-heading\"><strong>Ordonnancement, Pilotage et Coordination (<a href=\"https:\/\/examop.fr\/?page_id=43\" data-type=\"page\" data-id=\"43\"><mark style=\"background-color:rgba(0, 0, 0, 0)\" class=\"has-inline-color has-luminous-vivid-orange-color\">OPC<\/mark><\/a>) : Assurer la fluidit\u00e9 et la performance de vos chantiers<\/strong><\/h2>\n<\/div>\n\n\n\n<h2 class=\"wp-block-heading\"><strong>Assistance \u00e0 Ma\u00eetrise d\u2019Ouvrage (<a href=\"https:\/\/examop.fr\/?page_id=47\" data-type=\"page\" data-id=\"47\"><mark style=\"background-color:rgba(0, 0, 0, 0)\" class=\"has-inline-color has-luminous-vivid-orange-color\">AMO<\/mark><\/a>) : Votre partenaire strat\u00e9gique pour r\u00e9ussir vos projets<\/strong><\/h2>\n\n\n\n<div class=\"wp-block-buttons is-layout-flex wp-block-buttons-is-layout-flex\">\n<div class=\"wp-block-button\"><a class=\"wp-block-button__link wp-element-button\" href=\"https:\/\/examop.fr\/?page_id=31\"><mark style=\"background-color:rgba(0, 0, 0, 0)\" class=\"has-inline-color has-luminous-vivid-orange-color\">Contactez nous<\/mark><\/a><\/div>\n<\/div>\n\n\n\n<p><\/p>\n\n\n\n<div class=\"wp-block-group is-nowrap is-layout-flex wp-container-core-group-is-layout-ad2f72ca wp-block-group-is-layout-flex\"><\/div>\n","protected":false},"excerpt":{"rendered":"<p>Ma\u00eetrise d\u2019\u0152uvre d\u2019Ex\u00e9cution (MOEX) : Garantir la r\u00e9ussite de vos projets Ordonnancement, Pilotage et Coordination (OPC) : Assurer la fluidit\u00e9 et la performance de vos chantiers Assistance \u00e0 Ma\u00eetrise d\u2019Ouvrage (AMO) : Votre partenaire strat\u00e9gique pour r\u00e9ussir vos projets<\/p>\n","protected":false},"author":1,"featured_media":0,"parent":0,"menu_order":0,"comment_status":"closed","ping_status":"closed","template":"","meta":{"footnotes":""},"class_list":["post-52","page","type-page","status-publish","hentry"],"_links":{"self":[{"href":"https:\/\/examop.fr\/index.php?rest_route=\/wp\/v2\/pages\/52","targetHints":{"allow":["GET"]}}],"collection":[{"href":"https:\/\/examop.fr\/index.php?rest_route=\/wp\/v2\/pages"}],"about":[{"href":"https:\/\/examop.fr\/index.php?rest_route=\/wp\/v2\/types\/page"}],"author":[{"embeddable":true,"href":"https:\/\/examop.fr\/index.php?rest_route=\/wp\/v2\/users\/1"}],"replies":[{"embeddable":true,"href":"https:\/\/examop.fr\/index.php?rest_route=%2Fwp%2Fv2%2Fcomments&post=52"}],"version-history":[{"count":11,"href":"https:\/\/examop.fr\/index.php?rest_route=\/wp\/v2\/pages\/52\/revisions"}],"predecessor-version":[{"id":137,"href":"https:\/\/examop.fr\/index.php?rest_route=\/wp\/v2\/pages\/52\/revisions\/137"}],"wp:attachment":[{"href":"https:\/\/examop.fr\/index.php?rest_route=%2Fwp%2Fv2%2Fmedia&parent=52"}],"curies":[{"name":"wp","href":"https:\/\/api.w.org\/{rel}","templated":true}]}}