{"id":43,"date":"2026-01-02T16:27:06","date_gmt":"2026-01-02T16:27:06","guid":{"rendered":"https:\/\/examop.fr\/?page_id=43"},"modified":"2026-01-03T17:11:06","modified_gmt":"2026-01-03T17:11:06","slug":"opc","status":"publish","type":"page","link":"https:\/\/examop.fr\/?page_id=43","title":{"rendered":"OPC"},"content":{"rendered":"\n<figure class=\"wp-block-image size-large\"><img loading=\"lazy\" decoding=\"async\" width=\"1024\" height=\"576\" src=\"https:\/\/examop.fr\/wp-content\/uploads\/2026\/01\/DJI_0668-1024x576.jpg\" alt=\"\" class=\"wp-image-141\" srcset=\"https:\/\/examop.fr\/wp-content\/uploads\/2026\/01\/DJI_0668-1024x576.jpg 1024w, https:\/\/examop.fr\/wp-content\/uploads\/2026\/01\/DJI_0668-300x169.jpg 300w, https:\/\/examop.fr\/wp-content\/uploads\/2026\/01\/DJI_0668-768x432.jpg 768w, https:\/\/examop.fr\/wp-content\/uploads\/2026\/01\/DJI_0668-1536x864.jpg 1536w, https:\/\/examop.fr\/wp-content\/uploads\/2026\/01\/DJI_0668-2048x1152.jpg 2048w\" sizes=\"auto, (max-width: 706px) 89vw, (max-width: 767px) 82vw, 740px\" \/><\/figure>\n\n\n\n<h1 class=\"wp-block-heading\"><strong>Ordonnancement, Pilotage et Coordination (OPC) : Assurer la fluidit\u00e9 et la performance de vos chantiers<\/strong><\/h1>\n\n\n\n<p>L\u2019<strong>Ordonnancement, Pilotage et Coordination<\/strong> (OPC) est une mission essentielle dans la gestion de projets de <strong>construction<\/strong> et <strong>r\u00e9novation<\/strong>. Elle vise \u00e0 garantir la <strong>bonne organisation<\/strong>, la <strong>coordination efficace<\/strong> et le <strong>respect des d\u00e9lais<\/strong> sur l\u2019ensemble du chantier. L\u2019OPC intervient pour planifier, synchroniser et contr\u00f4ler les diff\u00e9rentes phases des travaux afin d\u2019assurer une ex\u00e9cution optimale.<\/p>\n\n\n\n<h2 class=\"wp-block-heading\"><strong>Objectifs de la mission OPC<\/strong><\/h2>\n\n\n\n<ul class=\"wp-block-list\">\n<li><strong>Planifier<\/strong> les interventions des diff\u00e9rents corps d\u2019\u00e9tat.<\/li>\n\n\n\n<li><strong>Coordonner<\/strong> les acteurs du projet pour \u00e9viter les conflits et retards.<\/li>\n\n\n\n<li><strong>Piloter<\/strong> le d\u00e9roulement des travaux pour respecter les d\u00e9lais et la qualit\u00e9.<\/li>\n<\/ul>\n\n\n\n<h2 class=\"wp-block-heading\"><strong>Missions principales<\/strong> de l&rsquo;OPC<\/h2>\n\n\n\n<ol start=\"1\" class=\"wp-block-list\">\n<li><strong>Ordonnancement<\/strong><br>\u00c9laboration du planning g\u00e9n\u00e9ral et d\u00e9taill\u00e9 des travaux, d\u00e9finition des s\u00e9quences et des priorit\u00e9s pour optimiser le d\u00e9roulement du chantier.<\/li>\n\n\n\n<li><strong>Pilotage<\/strong><br>Suivi du respect du planning, ajustement des interventions en cas d\u2019impr\u00e9vu, contr\u00f4le des d\u00e9lais et anticipation des risques.<\/li>\n\n\n\n<li><strong>Coordination<\/strong><br>Organisation des r\u00e9unions de chantier, gestion des interfaces entre les entreprises, r\u00e9solution des probl\u00e8mes techniques et logistiques.<\/li>\n<\/ol>\n\n\n\n<h2 class=\"wp-block-heading\"><strong>Pourquoi l\u2019OPC est indispensable ?<\/strong><\/h2>\n\n\n\n<ul class=\"wp-block-list\">\n<li><strong>Ma\u00eetrise des d\u00e9lais<\/strong> : \u00e9viter les retards et les surco\u00fbts.<\/li>\n\n\n\n<li><strong>Fluidit\u00e9 des op\u00e9rations<\/strong> : coordination optimale entre les intervenants.<\/li>\n\n\n\n<li><strong>Performance globale<\/strong> : garantir la qualit\u00e9 et la conformit\u00e9 des ouvrages.<\/li>\n<\/ul>\n\n\n\n<h3 class=\"wp-block-heading\">Ordonnancement Pilotage Coordination, OPC b\u00e2timent, gestion de chantier, planification travaux, coordination des entreprises, suivi de chantier, optimisation d\u00e9lais.<\/h3>\n\n\n\n<h4 class=\"wp-block-heading\"><strong>Contactez-nous pour une gestion de chantier efficace et sans impr\u00e9vus !<\/strong><\/h4>\n\n\n\n<div class=\"wp-block-buttons is-layout-flex wp-block-buttons-is-layout-flex\">\n<div class=\"wp-block-button\"><a class=\"wp-block-button__link wp-element-button\" href=\"https:\/\/examop.fr\/?page_id=31\"><mark style=\"background-color:rgba(0, 0, 0, 0)\" class=\"has-inline-color has-luminous-vivid-orange-color\">Contactez nous<\/mark><\/a><\/div>\n<\/div>\n\n\n\n<p><a href=\"https:\/\/examop.fr\/?page_id=52\" data-type=\"page\" data-id=\"52\">Toutes nos missions<\/a><\/p>\n","protected":false},"excerpt":{"rendered":"<p>Ordonnancement, Pilotage et Coordination (OPC) : Assurer la fluidit\u00e9 et la performance de vos chantiers L\u2019Ordonnancement, Pilotage et Coordination (OPC) est une mission essentielle dans la gestion de projets de construction et r\u00e9novation. Elle vise \u00e0 garantir la bonne organisation, la coordination efficace et le respect des d\u00e9lais sur l\u2019ensemble du chantier. L\u2019OPC intervient pour &hellip; <\/p>\n<p class=\"link-more\"><a href=\"https:\/\/examop.fr\/?page_id=43\" class=\"more-link\">Continuer la lecture<span class=\"screen-reader-text\"> de &laquo;&nbsp;OPC&nbsp;&raquo;<\/span><\/a><\/p>\n","protected":false},"author":1,"featured_media":0,"parent":0,"menu_order":0,"comment_status":"closed","ping_status":"closed","template":"","meta":{"footnotes":""},"class_list":["post-43","page","type-page","status-publish","hentry"],"_links":{"self":[{"href":"https:\/\/examop.fr\/index.php?rest_route=\/wp\/v2\/pages\/43","targetHints":{"allow":["GET"]}}],"collection":[{"href":"https:\/\/examop.fr\/index.php?rest_route=\/wp\/v2\/pages"}],"about":[{"href":"https:\/\/examop.fr\/index.php?rest_route=\/wp\/v2\/types\/page"}],"author":[{"embeddable":true,"href":"https:\/\/examop.fr\/index.php?rest_route=\/wp\/v2\/users\/1"}],"replies":[{"embeddable":true,"href":"https:\/\/examop.fr\/index.php?rest_route=%2Fwp%2Fv2%2Fcomments&post=43"}],"version-history":[{"count":8,"href":"https:\/\/examop.fr\/index.php?rest_route=\/wp\/v2\/pages\/43\/revisions"}],"predecessor-version":[{"id":147,"href":"https:\/\/examop.fr\/index.php?rest_route=\/wp\/v2\/pages\/43\/revisions\/147"}],"wp:attachment":[{"href":"https:\/\/examop.fr\/index.php?rest_route=%2Fwp%2Fv2%2Fmedia&parent=43"}],"curies":[{"name":"wp","href":"https:\/\/api.w.org\/{rel}","templated":true}]}}