{"id":36,"date":"2026-01-02T16:26:53","date_gmt":"2026-01-02T16:26:53","guid":{"rendered":"https:\/\/examop.fr\/?page_id=36"},"modified":"2026-01-03T17:13:53","modified_gmt":"2026-01-03T17:13:53","slug":"moex","status":"publish","type":"page","link":"https:\/\/examop.fr\/?page_id=36","title":{"rendered":"MOEX"},"content":{"rendered":"\n<h6 class=\"wp-block-heading\"><\/h6>\n\n\n\n<figure class=\"wp-block-image size-large\"><img loading=\"lazy\" decoding=\"async\" width=\"1261\" height=\"946\" src=\"https:\/\/examop.fr\/wp-content\/uploads\/2026\/01\/StCyr-BouyguesHAS-29oct2024\u00a9AlexisTOUREAU11-edited.jpg\" alt=\"\" class=\"wp-image-151\" srcset=\"https:\/\/examop.fr\/wp-content\/uploads\/2026\/01\/StCyr-BouyguesHAS-29oct2024\u00a9AlexisTOUREAU11-edited.jpg 1261w, https:\/\/examop.fr\/wp-content\/uploads\/2026\/01\/StCyr-BouyguesHAS-29oct2024\u00a9AlexisTOUREAU11-edited-300x225.jpg 300w, https:\/\/examop.fr\/wp-content\/uploads\/2026\/01\/StCyr-BouyguesHAS-29oct2024\u00a9AlexisTOUREAU11-edited-1024x768.jpg 1024w, https:\/\/examop.fr\/wp-content\/uploads\/2026\/01\/StCyr-BouyguesHAS-29oct2024\u00a9AlexisTOUREAU11-edited-768x576.jpg 768w\" sizes=\"auto, (max-width: 706px) 89vw, (max-width: 767px) 82vw, 740px\" \/><\/figure>\n\n\n\n<h1 class=\"wp-block-heading\"><strong>Ma\u00eetrise d\u2019\u0152uvre d\u2019Ex\u00e9cution (MOEX) : Garantir la r\u00e9ussite de vos projets<\/strong><\/h1>\n\n\n\n<h2 class=\"wp-block-heading\"><strong>Nos missions de Ma\u00eetrise d\u2019\u0152uvre d\u2019Ex\u00e9cution<\/strong> (MOEX)<\/h2>\n\n\n\n<ul class=\"wp-block-list\">\n<li><strong>Pr\u00e9paration du chantier<\/strong> : analyse des plans, organisation des proc\u00e9dures et mise en place des outils de suivi.<\/li>\n\n\n\n<li><strong>Coordination des entreprises<\/strong> : planification des interventions, gestion des interfaces entre les diff\u00e9rents corps d\u2019\u00e9tat.<\/li>\n\n\n\n<li><strong>Suivi et contr\u00f4le des travaux<\/strong> : v\u00e9rification de la qualit\u00e9, conformit\u00e9 r\u00e9glementaire et respect des r\u00e8gles de s\u00e9curit\u00e9.<\/li>\n\n\n\n<li><strong>Gestion administrative et financi\u00e8re<\/strong> : validation des situations, suivi des d\u00e9penses et ma\u00eetrise du budget.<\/li>\n\n\n\n<li><strong>R\u00e9ception des ouvrages<\/strong> : organisation des op\u00e9rations pr\u00e9alables, lev\u00e9e des r\u00e9serves et remise des documents finaux.<\/li>\n<\/ul>\n\n\n\n<h2 class=\"wp-block-heading\"><strong>Pourquoi choisir notre expertise en MOEX ?<\/strong><\/h2>\n\n\n\n<ul class=\"wp-block-list\">\n<li><strong>Optimisation des co\u00fbts<\/strong> et r\u00e9duction des impr\u00e9vus.<\/li>\n\n\n\n<li><strong>Respect des d\u00e9lais<\/strong> gr\u00e2ce \u00e0 une coordination rigoureuse.<\/li>\n\n\n\n<li><strong>Qualit\u00e9 garantie<\/strong> par un contr\u00f4le permanent des travaux.<\/li>\n<\/ul>\n\n\n\n<h3 class=\"wp-block-heading\">Ma\u00eetrise d\u2019\u0153uvre d\u2019ex\u00e9cution, MOEX b\u00e2timent, suivi de chantier, coordination des travaux, gestion de projet construction, contr\u00f4le qualit\u00e9 chantier, r\u00e9ception des ouvrages.<\/h3>\n\n\n\n<h4 class=\"wp-block-heading\"><br><strong>Contactez nous d\u00e8s aujourd\u2019hui pour piloter votre projet avec efficacit\u00e9 et s\u00e9r\u00e9nit\u00e9 !<\/strong><\/h4>\n\n\n\n<div class=\"wp-block-buttons is-layout-flex wp-block-buttons-is-layout-flex\">\n<div class=\"wp-block-button\"><a class=\"wp-block-button__link wp-element-button\" href=\"https:\/\/examop.fr\/?page_id=31\"><mark style=\"background-color:rgba(0, 0, 0, 0)\" class=\"has-inline-color has-luminous-vivid-orange-color\">Contactez nous<\/mark><\/a><\/div>\n<\/div>\n\n\n\n<p><a href=\"https:\/\/examop.fr\/?page_id=52\" data-type=\"page\" data-id=\"52\">Toutes nos missions<\/a><\/p>\n","protected":false},"excerpt":{"rendered":"<p>Ma\u00eetrise d\u2019\u0152uvre d\u2019Ex\u00e9cution (MOEX) : Garantir la r\u00e9ussite de vos projets Nos missions de Ma\u00eetrise d\u2019\u0152uvre d\u2019Ex\u00e9cution (MOEX) Pourquoi choisir notre expertise en MOEX ? Ma\u00eetrise d\u2019\u0153uvre d\u2019ex\u00e9cution, MOEX b\u00e2timent, suivi de chantier, coordination des travaux, gestion de projet construction, contr\u00f4le qualit\u00e9 chantier, r\u00e9ception des ouvrages. Contactez nous d\u00e8s aujourd\u2019hui pour piloter votre projet avec &hellip; <\/p>\n<p class=\"link-more\"><a href=\"https:\/\/examop.fr\/?page_id=36\" class=\"more-link\">Continuer la lecture<span class=\"screen-reader-text\"> de &laquo;&nbsp;MOEX&nbsp;&raquo;<\/span><\/a><\/p>\n","protected":false},"author":1,"featured_media":0,"parent":0,"menu_order":0,"comment_status":"closed","ping_status":"closed","template":"","meta":{"footnotes":""},"class_list":["post-36","page","type-page","status-publish","hentry"],"_links":{"self":[{"href":"https:\/\/examop.fr\/index.php?rest_route=\/wp\/v2\/pages\/36","targetHints":{"allow":["GET"]}}],"collection":[{"href":"https:\/\/examop.fr\/index.php?rest_route=\/wp\/v2\/pages"}],"about":[{"href":"https:\/\/examop.fr\/index.php?rest_route=\/wp\/v2\/types\/page"}],"author":[{"embeddable":true,"href":"https:\/\/examop.fr\/index.php?rest_route=\/wp\/v2\/users\/1"}],"replies":[{"embeddable":true,"href":"https:\/\/examop.fr\/index.php?rest_route=%2Fwp%2Fv2%2Fcomments&post=36"}],"version-history":[{"count":12,"href":"https:\/\/examop.fr\/index.php?rest_route=\/wp\/v2\/pages\/36\/revisions"}],"predecessor-version":[{"id":152,"href":"https:\/\/examop.fr\/index.php?rest_route=\/wp\/v2\/pages\/36\/revisions\/152"}],"wp:attachment":[{"href":"https:\/\/examop.fr\/index.php?rest_route=%2Fwp%2Fv2%2Fmedia&parent=36"}],"curies":[{"name":"wp","href":"https:\/\/api.w.org\/{rel}","templated":true}]}}