{"id":2,"date":"2025-07-17T11:16:51","date_gmt":"2025-07-17T11:16:51","guid":{"rendered":"http:\/\/examop.fr\/?page_id=2"},"modified":"2026-01-02T17:54:59","modified_gmt":"2026-01-02T17:54:59","slug":"sample-page","status":"publish","type":"page","link":"https:\/\/examop.fr\/","title":{"rendered":"BIENVENUE CHEZ EXAMOP"},"content":{"rendered":"\n<p>Derri\u00e8re chaque projet, il y a une histoire\u2026 et la n\u00f4tre continue \ud83d\ude80<br><br>Il y a pr\u00e8s de 40 ans, nous avons commenc\u00e9 avec une id\u00e9e simple : concevoir des ouvrages qui transforment durablement les territoires.<br>Depuis, nous avons appris qu\u2019un projet r\u00e9ussi ne se r\u00e9sume pas \u00e0 des plans ou des chiffres. Il repose sur l\u2019\u00e9coute, l\u2019exigence et un accompagnement solide \u00e0 chaque \u00e9tape.<br><br>Aujourd\u2019hui, une nouvelle page s\u2019\u00e9crit.<br>Face \u00e0 la complexit\u00e9 croissante des op\u00e9rations immobili\u00e8res, nous cr\u00e9ons EXAMOP, une filiale du groupe PRECONCEPT d\u00e9di\u00e9e \u00e0 :<br>\u2714 AMO \u2013 Vous conseiller et piloter vos projets de A \u00e0 Z<br>\u2714 MOEX \u2013 Garantir qualit\u00e9 et conformit\u00e9 en phase chantier<br>\u2714 OPC \u2013 Fluidifier la coordination et optimiser les d\u00e9lais<br><br>EXAMOP, c\u2019est l\u2019expertise renforc\u00e9e, la m\u00eame passion, et des valeurs inchang\u00e9es : engagement, transparence, cr\u00e9ativit\u00e9 et sens du service.<br>Notre ambition ? Vous offrir la ma\u00eetrise totale de vos projets, de la conception \u00e0 la livraison.<\/p>\n\n\n\n<blockquote class=\"wp-block-quote is-layout-flow wp-block-quote-is-layout-flow\">\n<h4 class=\"wp-block-heading\"><a href=\"https:\/\/examop.fr\/?page_id=52\"><strong><em><mark style=\"background-color:rgba(0, 0, 0, 0)\" class=\"has-inline-color has-luminous-vivid-orange-color\">Nos Missions<\/mark><\/em><\/strong><\/a><\/h4>\n<\/blockquote>\n\n\n\n<p><\/p>\n\n\n\n<blockquote class=\"wp-block-quote is-layout-flow wp-block-quote-is-layout-flow\">\n<p>.<\/p>\n<\/blockquote>\n\n\n\n<p><\/p>\n","protected":false},"excerpt":{"rendered":"<p>Derri\u00e8re chaque projet, il y a une histoire\u2026 et la n\u00f4tre continue \ud83d\ude80 Il y a pr\u00e8s de 40 ans, nous avons commenc\u00e9 avec une id\u00e9e simple : concevoir des ouvrages qui transforment durablement les territoires.Depuis, nous avons appris qu\u2019un projet r\u00e9ussi ne se r\u00e9sume pas \u00e0 des plans ou des chiffres. Il repose sur &hellip; <\/p>\n<p class=\"link-more\"><a href=\"https:\/\/examop.fr\/\" class=\"more-link\">Continuer la lecture<span class=\"screen-reader-text\"> de &laquo;&nbsp;BIENVENUE CHEZ EXAMOP&nbsp;&raquo;<\/span><\/a><\/p>\n","protected":false},"author":1,"featured_media":0,"parent":0,"menu_order":0,"comment_status":"closed","ping_status":"open","template":"","meta":{"footnotes":""},"class_list":["post-2","page","type-page","status-publish","hentry"],"_links":{"self":[{"href":"https:\/\/examop.fr\/index.php?rest_route=\/wp\/v2\/pages\/2","targetHints":{"allow":["GET"]}}],"collection":[{"href":"https:\/\/examop.fr\/index.php?rest_route=\/wp\/v2\/pages"}],"about":[{"href":"https:\/\/examop.fr\/index.php?rest_route=\/wp\/v2\/types\/page"}],"author":[{"embeddable":true,"href":"https:\/\/examop.fr\/index.php?rest_route=\/wp\/v2\/users\/1"}],"replies":[{"embeddable":true,"href":"https:\/\/examop.fr\/index.php?rest_route=%2Fwp%2Fv2%2Fcomments&post=2"}],"version-history":[{"count":5,"href":"https:\/\/examop.fr\/index.php?rest_route=\/wp\/v2\/pages\/2\/revisions"}],"predecessor-version":[{"id":97,"href":"https:\/\/examop.fr\/index.php?rest_route=\/wp\/v2\/pages\/2\/revisions\/97"}],"wp:attachment":[{"href":"https:\/\/examop.fr\/index.php?rest_route=%2Fwp%2Fv2%2Fmedia&parent=2"}],"curies":[{"name":"wp","href":"https:\/\/api.w.org\/{rel}","templated":true}]}}