{"id":100,"date":"2026-01-03T16:33:06","date_gmt":"2026-01-03T16:33:06","guid":{"rendered":"https:\/\/examop.fr\/?page_id=100"},"modified":"2026-01-03T16:38:03","modified_gmt":"2026-01-03T16:38:03","slug":"nos-references","status":"publish","type":"page","link":"https:\/\/examop.fr\/?page_id=100","title":{"rendered":"Nos R\u00e9f\u00e9rences"},"content":{"rendered":"\n<p><strong>Ma\u00eetrise d\u2019\u0152uvre d\u2019Ex\u00e9cution (<mark style=\"background-color:rgba(0, 0, 0, 0)\" class=\"has-inline-color has-luminous-vivid-orange-color\"><a href=\"https:\/\/examop.fr\/?page_id=36\" data-type=\"page\" data-id=\"36\">MOEX<\/a><\/mark>)<\/strong> <\/p>\n\n\n\n<div data-wp-interactive=\"core\/file\" class=\"wp-block-file\"><object data-wp-bind--hidden=\"!state.hasPdfPreview\" hidden class=\"wp-block-file__embed\" data=\"https:\/\/examop.fr\/wp-content\/uploads\/2026\/01\/06-References.pdf\" type=\"application\/pdf\" style=\"width:100%;height:600px\" aria-label=\"Contenu embarqu\u00e9 EXAMOP - REFERNCES MOEX.\"><\/object><a id=\"wp-block-file--media-c5b33e63-6d85-4490-809a-7db35cafa0df\" href=\"https:\/\/examop.fr\/wp-content\/uploads\/2026\/01\/06-References.pdf\">EXAMOP &#8211; REFERNCES MOEX<\/a><a href=\"https:\/\/examop.fr\/wp-content\/uploads\/2026\/01\/06-References.pdf\" class=\"wp-block-file__button wp-element-button\" download aria-describedby=\"wp-block-file--media-c5b33e63-6d85-4490-809a-7db35cafa0df\">T\u00e9l\u00e9charger<\/a><\/div>\n\n\n\n<p><\/p>\n\n\n\n<p><strong>Ordonnancement, Pilotage et Coordination (<a href=\"https:\/\/examop.fr\/?page_id=43\" data-type=\"page\" data-id=\"43\"><mark style=\"background-color:rgba(0, 0, 0, 0)\" class=\"has-inline-color has-luminous-vivid-orange-color\">OPC<\/mark><\/a>)<\/strong><\/p>\n\n\n\n<div data-wp-interactive=\"core\/file\" class=\"wp-block-file\"><object data-wp-bind--hidden=\"!state.hasPdfPreview\" hidden class=\"wp-block-file__embed\" data=\"https:\/\/examop.fr\/wp-content\/uploads\/2026\/01\/05-References.pdf\" type=\"application\/pdf\" style=\"width:100%;height:600px\" aria-label=\"Contenu embarqu\u00e9 EXAMOP - REFERENCES - OPC.\"><\/object><a id=\"wp-block-file--media-b56cf1ee-1484-40ea-81d8-df61ce067943\" href=\"https:\/\/examop.fr\/wp-content\/uploads\/2026\/01\/05-References.pdf\">EXAMOP &#8211; REFERENCES &#8211; OPC<\/a><a href=\"https:\/\/examop.fr\/wp-content\/uploads\/2026\/01\/05-References.pdf\" class=\"wp-block-file__button wp-element-button\" download aria-describedby=\"wp-block-file--media-b56cf1ee-1484-40ea-81d8-df61ce067943\">T\u00e9l\u00e9charger<\/a><\/div>\n\n\n\n<p><\/p>\n\n\n\n<p><strong>Assistance \u00e0 Ma\u00eetrise d\u2019Ouvrage (<a href=\"https:\/\/examop.fr\/?page_id=47\" data-type=\"page\" data-id=\"47\"><mark style=\"background-color:rgba(0, 0, 0, 0)\" class=\"has-inline-color has-luminous-vivid-orange-color\">AMO<\/mark><\/a>) <\/strong><\/p>\n\n\n\n<div data-wp-interactive=\"core\/file\" class=\"wp-block-file\"><object data-wp-bind--hidden=\"!state.hasPdfPreview\" hidden class=\"wp-block-file__embed\" data=\"https:\/\/examop.fr\/wp-content\/uploads\/2026\/01\/07-References-AMO.pdf\" type=\"application\/pdf\" style=\"width:100%;height:600px\" aria-label=\"Contenu embarqu\u00e9 EXAMOP - REFERENCES - AMO.\"><\/object><a id=\"wp-block-file--media-e693f1f4-1ba1-4d20-8a10-5e3bfccb969e\" href=\"https:\/\/examop.fr\/wp-content\/uploads\/2026\/01\/07-References-AMO.pdf\">EXAMOP &#8211; REFERENCES &#8211; AMO<\/a><a href=\"https:\/\/examop.fr\/wp-content\/uploads\/2026\/01\/07-References-AMO.pdf\" class=\"wp-block-file__button wp-element-button\" download aria-describedby=\"wp-block-file--media-e693f1f4-1ba1-4d20-8a10-5e3bfccb969e\">T\u00e9l\u00e9charger<\/a><\/div>\n","protected":false},"excerpt":{"rendered":"<p>Ma\u00eetrise d\u2019\u0152uvre d\u2019Ex\u00e9cution (MOEX) Ordonnancement, Pilotage et Coordination (OPC) Assistance \u00e0 Ma\u00eetrise d\u2019Ouvrage (AMO)<\/p>\n","protected":false},"author":1,"featured_media":0,"parent":0,"menu_order":0,"comment_status":"closed","ping_status":"closed","template":"","meta":{"footnotes":""},"class_list":["post-100","page","type-page","status-publish","hentry"],"_links":{"self":[{"href":"https:\/\/examop.fr\/index.php?rest_route=\/wp\/v2\/pages\/100","targetHints":{"allow":["GET"]}}],"collection":[{"href":"https:\/\/examop.fr\/index.php?rest_route=\/wp\/v2\/pages"}],"about":[{"href":"https:\/\/examop.fr\/index.php?rest_route=\/wp\/v2\/types\/page"}],"author":[{"embeddable":true,"href":"https:\/\/examop.fr\/index.php?rest_route=\/wp\/v2\/users\/1"}],"replies":[{"embeddable":true,"href":"https:\/\/examop.fr\/index.php?rest_route=%2Fwp%2Fv2%2Fcomments&post=100"}],"version-history":[{"count":8,"href":"https:\/\/examop.fr\/index.php?rest_route=\/wp\/v2\/pages\/100\/revisions"}],"predecessor-version":[{"id":131,"href":"https:\/\/examop.fr\/index.php?rest_route=\/wp\/v2\/pages\/100\/revisions\/131"}],"wp:attachment":[{"href":"https:\/\/examop.fr\/index.php?rest_route=%2Fwp%2Fv2%2Fmedia&parent=100"}],"curies":[{"name":"wp","href":"https:\/\/api.w.org\/{rel}","templated":true}]}}